{"id":373,"date":"2020-09-10T08:35:01","date_gmt":"2020-09-10T08:35:01","guid":{"rendered":"https:\/\/ffmi.byvoice.be\/?page_id=373"},"modified":"2020-12-22T17:29:25","modified_gmt":"2020-12-22T17:29:25","slug":"contact","status":"publish","type":"page","link":"https:\/\/www.fournier-majoie.org\/fr\/contact\/","title":{"rendered":"Contact"},"content":{"rendered":"<p>N&rsquo;h\u00e9sitez pas \u00e0 nous appeler ou nous envoyer un e-mail.<br \/>\nNous sommes l\u00e0 pour vous aider.<\/p>\n","protected":false},"excerpt":{"rendered":"N&rsquo;h\u00e9sitez pas \u00e0 nous appeler ou nous envoyer un e-mail. Nous sommes l\u00e0 pour vous aider.","protected":false},"author":1,"featured_media":0,"parent":0,"menu_order":0,"comment_status":"closed","ping_status":"closed","template":"tpl.contact.php","meta":{"_acf_changed":false,"footnotes":""},"class_list":["post-373","page","type-page","status-publish","hentry"],"acf":[],"yoast_head":"<!-- This site is optimized with the Yoast SEO plugin v27.5 - https:\/\/yoast.com\/product\/yoast-seo-wordpress\/ -->\n<title>Contact - Fondation Fournier-Majoie contre le cancer<\/title>\n<meta name=\"description\" content=\"Pour un impact soci\u00e9tal fort et p\u00e9renne, 100% des dons vont aux projets. Rejoignez le Cercle des Venture Philanthropists contre le cancer.\" \/>\n<meta name=\"robots\" content=\"index, follow, max-snippet:-1, max-image-preview:large, max-video-preview:-1\" \/>\n<link rel=\"canonical\" href=\"https:\/\/www.fournier-majoie.org\/en\/contact\/\" \/>\n<meta property=\"og:locale\" content=\"fr_FR\" \/>\n<meta property=\"og:type\" content=\"article\" \/>\n<meta property=\"og:title\" content=\"Contact - Fondation Fournier-Majoie contre le cancer\" \/>\n<meta property=\"og:description\" content=\"Pour un impact soci\u00e9tal fort et p\u00e9renne, 100% des dons vont aux projets. Rejoignez le Cercle des Venture Philanthropists contre le cancer.\" \/>\n<meta property=\"og:url\" content=\"https:\/\/www.fournier-majoie.org\/en\/contact\/\" \/>\n<meta property=\"og:site_name\" content=\"Fondation Fournier-Majoie contre le cancer\" \/>\n<meta property=\"article:modified_time\" content=\"2020-12-22T17:29:25+00:00\" \/>\n<meta name=\"twitter:card\" content=\"summary_large_image\" \/>\n<script type=\"application\/ld+json\" class=\"yoast-schema-graph\">{\"@context\":\"https:\\\/\\\/schema.org\",\"@graph\":[{\"@type\":\"WebPage\",\"@id\":\"https:\\\/\\\/www.fournier-majoie.org\\\/en\\\/contact\\\/\",\"url\":\"https:\\\/\\\/www.fournier-majoie.org\\\/en\\\/contact\\\/\",\"name\":\"Contact - Fondation Fournier-Majoie contre le cancer\",\"isPartOf\":{\"@id\":\"https:\\\/\\\/www.fournier-majoie.org\\\/nl\\\/#website\"},\"datePublished\":\"2020-09-10T08:35:01+00:00\",\"dateModified\":\"2020-12-22T17:29:25+00:00\",\"description\":\"Pour un impact soci\u00e9tal fort et p\u00e9renne, 100% des dons vont aux projets. Rejoignez le Cercle des Venture Philanthropists contre le cancer.\",\"breadcrumb\":{\"@id\":\"https:\\\/\\\/www.fournier-majoie.org\\\/en\\\/contact\\\/#breadcrumb\"},\"inLanguage\":\"fr-FR\",\"potentialAction\":[{\"@type\":\"ReadAction\",\"target\":[\"https:\\\/\\\/www.fournier-majoie.org\\\/en\\\/contact\\\/\"]}]},{\"@type\":\"BreadcrumbList\",\"@id\":\"https:\\\/\\\/www.fournier-majoie.org\\\/en\\\/contact\\\/#breadcrumb\",\"itemListElement\":[{\"@type\":\"ListItem\",\"position\":1,\"name\":\"Home\",\"item\":\"https:\\\/\\\/www.fournier-majoie.org\\\/fr\\\/\"},{\"@type\":\"ListItem\",\"position\":2,\"name\":\"Contact\"}]},{\"@type\":\"WebSite\",\"@id\":\"https:\\\/\\\/www.fournier-majoie.org\\\/nl\\\/#website\",\"url\":\"https:\\\/\\\/www.fournier-majoie.org\\\/nl\\\/\",\"name\":\"Fondation Fournier-Majoie contre le cancer\",\"description\":\"Just another WordPress site\",\"potentialAction\":[{\"@type\":\"SearchAction\",\"target\":{\"@type\":\"EntryPoint\",\"urlTemplate\":\"https:\\\/\\\/www.fournier-majoie.org\\\/nl\\\/?s={search_term_string}\"},\"query-input\":{\"@type\":\"PropertyValueSpecification\",\"valueRequired\":true,\"valueName\":\"search_term_string\"}}],\"inLanguage\":\"fr-FR\"}]}<\/script>\n<!-- \/ Yoast SEO plugin. -->","yoast_head_json":{"title":"Contact - Fondation Fournier-Majoie contre le cancer","description":"Pour un impact soci\u00e9tal fort et p\u00e9renne, 100% des dons vont aux projets. Rejoignez le Cercle des Venture Philanthropists contre le cancer.","robots":{"index":"index","follow":"follow","max-snippet":"max-snippet:-1","max-image-preview":"max-image-preview:large","max-video-preview":"max-video-preview:-1"},"canonical":"https:\/\/www.fournier-majoie.org\/en\/contact\/","og_locale":"fr_FR","og_type":"article","og_title":"Contact - Fondation Fournier-Majoie contre le cancer","og_description":"Pour un impact soci\u00e9tal fort et p\u00e9renne, 100% des dons vont aux projets. Rejoignez le Cercle des Venture Philanthropists contre le cancer.","og_url":"https:\/\/www.fournier-majoie.org\/en\/contact\/","og_site_name":"Fondation Fournier-Majoie contre le cancer","article_modified_time":"2020-12-22T17:29:25+00:00","twitter_card":"summary_large_image","schema":{"@context":"https:\/\/schema.org","@graph":[{"@type":"WebPage","@id":"https:\/\/www.fournier-majoie.org\/en\/contact\/","url":"https:\/\/www.fournier-majoie.org\/en\/contact\/","name":"Contact - Fondation Fournier-Majoie contre le cancer","isPartOf":{"@id":"https:\/\/www.fournier-majoie.org\/nl\/#website"},"datePublished":"2020-09-10T08:35:01+00:00","dateModified":"2020-12-22T17:29:25+00:00","description":"Pour un impact soci\u00e9tal fort et p\u00e9renne, 100% des dons vont aux projets. Rejoignez le Cercle des Venture Philanthropists contre le cancer.","breadcrumb":{"@id":"https:\/\/www.fournier-majoie.org\/en\/contact\/#breadcrumb"},"inLanguage":"fr-FR","potentialAction":[{"@type":"ReadAction","target":["https:\/\/www.fournier-majoie.org\/en\/contact\/"]}]},{"@type":"BreadcrumbList","@id":"https:\/\/www.fournier-majoie.org\/en\/contact\/#breadcrumb","itemListElement":[{"@type":"ListItem","position":1,"name":"Home","item":"https:\/\/www.fournier-majoie.org\/fr\/"},{"@type":"ListItem","position":2,"name":"Contact"}]},{"@type":"WebSite","@id":"https:\/\/www.fournier-majoie.org\/nl\/#website","url":"https:\/\/www.fournier-majoie.org\/nl\/","name":"Fondation Fournier-Majoie contre le cancer","description":"Just another WordPress site","potentialAction":[{"@type":"SearchAction","target":{"@type":"EntryPoint","urlTemplate":"https:\/\/www.fournier-majoie.org\/nl\/?s={search_term_string}"},"query-input":{"@type":"PropertyValueSpecification","valueRequired":true,"valueName":"search_term_string"}}],"inLanguage":"fr-FR"}]}},"_links":{"self":[{"href":"https:\/\/www.fournier-majoie.org\/fr\/wp-json\/wp\/v2\/pages\/373","targetHints":{"allow":["GET"]}}],"collection":[{"href":"https:\/\/www.fournier-majoie.org\/fr\/wp-json\/wp\/v2\/pages"}],"about":[{"href":"https:\/\/www.fournier-majoie.org\/fr\/wp-json\/wp\/v2\/types\/page"}],"author":[{"embeddable":true,"href":"https:\/\/www.fournier-majoie.org\/fr\/wp-json\/wp\/v2\/users\/1"}],"replies":[{"embeddable":true,"href":"https:\/\/www.fournier-majoie.org\/fr\/wp-json\/wp\/v2\/comments?post=373"}],"version-history":[{"count":6,"href":"https:\/\/www.fournier-majoie.org\/fr\/wp-json\/wp\/v2\/pages\/373\/revisions"}],"predecessor-version":[{"id":1021,"href":"https:\/\/www.fournier-majoie.org\/fr\/wp-json\/wp\/v2\/pages\/373\/revisions\/1021"}],"wp:attachment":[{"href":"https:\/\/www.fournier-majoie.org\/fr\/wp-json\/wp\/v2\/media?parent=373"}],"curies":[{"name":"wp","href":"https:\/\/api.w.org\/{rel}","templated":true}]}}